{"id":9398,"date":"2024-08-26T11:17:42","date_gmt":"2024-08-26T14:17:42","guid":{"rendered":"https:\/\/agencia.morozini.net\/?page_id=9398"},"modified":"2024-08-26T11:26:04","modified_gmt":"2024-08-26T14:26:04","slug":"politica-de-privacidade","status":"publish","type":"page","link":"https:\/\/agencia.morozini.net\/es\/politica-de-privacidad\/","title":{"rendered":"Pol\u00edtica de privacidad"},"content":{"rendered":"<div data-elementor-type=\"wp-page\" data-elementor-id=\"9398\" class=\"elementor elementor-9398\" data-elementor-post-type=\"page\">\n\t\t\t\t<div class=\"elementor-element elementor-element-2c78909 e-flex e-con-boxed e-con e-parent\" data-id=\"2c78909\" data-element_type=\"container\" data-e-type=\"container\">\n\t\t\t\t\t<div class=\"e-con-inner\">\n\t\t\t\t<div class=\"elementor-element elementor-element-7e1a368 elementor-widget elementor-widget-text-editor\" data-id=\"7e1a368\" data-element_type=\"widget\" data-e-type=\"widget\" data-widget_type=\"text-editor.default\">\n\t\t\t\t<div class=\"elementor-widget-container\">\n\t\t\t\t\t\t\t\t\t<h4>Qui\u00e9nes somos<\/h4><p>La direcci\u00f3n de nuestro sitio web es: <strong>https:\/\/morozini.net.<\/strong><\/p><p>La empresa naci\u00f3 con la idea de hacer accesible el mercado digital a peque\u00f1os, medianos y grandes empresarios. Con el crecimiento diario de usuarios de internet en todo el mundo, es probable que el mercado digital crezca cada vez m\u00e1s. As\u00ed que, \u00bfpor qu\u00e9 no dar un empujoncito a nuestros socios?<\/p><p>Una cosa es segura: es probable que las ventas y los servicios aumenten una vez que haya creado un sitio web para su empresa. Como uno de los canales de comunicaci\u00f3n m\u00e1s cre\u00edbles, con un sitio web puedes hacer que la informaci\u00f3n de tu empresa sea m\u00e1s completa.<\/p><p>Aparecer en motores de b\u00fasqueda como <a href=\"https:\/\/google.com\/\" target=\"_blank\" rel=\"noopener noreferrer\">Google<\/a> e<a href=\"https:\/\/www.bing.com\/\" target=\"_blank\" rel=\"noopener noreferrer\"> Bing<\/a> tambi\u00e9n es importante cuando alguien busca los servicios que usted ofrece. Nuestro equipo se enorgullece de tener la mejor gesti\u00f3n de los motores de b\u00fasqueda y las redes sociales.<\/p><p>Teniendo todo esto en cuenta, el <strong>MOROZINI.NET<\/strong> naci\u00f3.<\/p><h4><strong>Qu\u00e9 datos recogemos y por qu\u00e9 los recogemos<\/strong><\/h4><p>Toda la informaci\u00f3n personal que recopile se utilizar\u00e1 para que su visita a nuestro sitio sea lo m\u00e1s productiva y agradable posible.<\/p><p>Garantizar la confidencialidad de los datos personales de los usuarios de nuestro sitio web es importante para <strong>MOROZINI.NET<\/strong>.<\/p><p>Toda la informaci\u00f3n personal relativa a los socios, abonados, clientes o visitantes que utilicen <strong>MOROZINI.NET <\/strong>se tratar\u00e1n de conformidad con la Ley de protecci\u00f3n de datos personales de 26 de octubre de 1998 (Ley n\u00ba 67\/98).<\/p><p>La informaci\u00f3n personal recopilada puede incluir su nombre, direcci\u00f3n de correo electr\u00f3nico, n\u00famero de tel\u00e9fono fijo y\/o m\u00f3vil, direcci\u00f3n, fecha de nacimiento y\/u otros.<\/p><p>Uso del sitio <strong>MOROZINI.NET <\/strong>supone la aceptaci\u00f3n del presente Acuerdo de confidencialidad. El sitio<strong> MOROZINI.NET<\/strong> se reserva el derecho a modificar este acuerdo sin previo aviso. Por lo tanto, le recomendamos que consulte nuestra pol\u00edtica de privacidad con regularidad para estar siempre al d\u00eda.<\/p><h4><strong>Comentario<\/strong><\/h4><p>Cuando los visitantes dejan comentarios en el sitio, se guardan los datos contenidos en el formulario de comentarios, as\u00ed como la direcci\u00f3n IP y el agente de usuario del navegador, para ayudar a detectar el spam.<\/p><p>Una cadena an\u00f3nima creada a partir de tu direcci\u00f3n de correo electr\u00f3nico (tambi\u00e9n llamada hash) puede enviarse a un servicio como Gravatar para verificar que la est\u00e1s utilizando. Una vez aprobado tu comentario, tu foto de perfil es visible para el p\u00fablico en el contexto de tu comentario.<\/p><h4><strong>Multimedia<\/strong><\/h4><p>Cuando cargue im\u00e1genes en el sitio, evite hacerlo con datos de geolocalizaci\u00f3n incrustados (EXIF GPS). Los visitantes pueden descargar y extraer datos de geolocalizaci\u00f3n de las im\u00e1genes del sitio.<\/p><h4><strong>Cookies<\/strong><\/h4><p>Si deja un comentario en nuestro sitio, puede elegir guardar su nombre, direcci\u00f3n de correo electr\u00f3nico y sitio web en cookies. Esto es para su comodidad, para que no tenga que rellenar sus datos de nuevo cuando deje otro comentario. Estas cookies durar\u00e1n un a\u00f1o.<\/p><p>Si visita la p\u00e1gina de inicio de sesi\u00f3n, se crear\u00e1 una cookie temporal para determinar si su navegador acepta cookies. Esta cookie no contiene datos personales y se borrar\u00e1 cuando cierre el navegador.<\/p><p>Cuando inicie sesi\u00f3n, se establecer\u00e1n algunas cookies para almacenar la informaci\u00f3n de su sesi\u00f3n y sus opciones de visualizaci\u00f3n de pantalla. Las cookies de inicio de sesi\u00f3n duran un a\u00f1o. Si selecciona \"Recordarme\", su sesi\u00f3n persistir\u00e1 durante quince d\u00edas. Cuando cierre la sesi\u00f3n, se eliminar\u00e1n las cookies de inicio de sesi\u00f3n.<\/p><p>Si edita o publica un art\u00edculo, se almacenar\u00e1 una cookie adicional en su navegador. Esta cookie no incluye ning\u00fan dato personal, simplemente indica el ID de contenido del art\u00edculo que acaba de editar. Caduca al cabo de 1 d\u00eda.<\/p><h4><strong>Contenido incrustado de otros sitios<\/strong><\/h4><p>Los art\u00edculos de este sitio pueden incluir contenido incrustado (por ejemplo, v\u00eddeos, im\u00e1genes, art\u00edculos, etc.). El contenido incrustado de otros sitios se comporta como si el usuario estuviera visitando esos sitios.<\/p><p>Este sitio web puede recopilar datos sobre usted, utilizar cookies, incorporar el seguimiento de terceros, supervisar sus interacciones con \u00e9l, incluido el registro de interacciones con contenido incrustado si tiene una cuenta y ha iniciado sesi\u00f3n en ese sitio.<\/p><h4><strong>Cu\u00e1nto tiempo se conservan sus datos<\/strong><\/h4><p>Si deja un comentario, el comentario y sus metadatos se guardan indefinidamente. De este modo, podr\u00e1 reconocer y aprobar autom\u00e1ticamente cualquier comentario posterior, en lugar de ponerlo en una cola de moderaci\u00f3n.<\/p><p>Para los usuarios que se registran en nuestro sitio (si los hay), almacenamos la informaci\u00f3n personal proporcionada en su perfil de usuario. Todos los usuarios pueden ver, editar o borrar su informaci\u00f3n personal en cualquier momento (con la excepci\u00f3n de que no pueden cambiar su nombre de usuario). Los administradores del sitio tambi\u00e9n pueden ver y editar esta informaci\u00f3n.<\/p><h4><strong>Qu\u00e9 derechos tiene sobre sus datos<\/strong><\/h4><p>Si tiene una cuenta en este sitio o ha dejado comentarios, puede solicitar que se le env\u00ede un archivo de exportaci\u00f3n con los datos personales almacenados sobre usted, incluidos los datos personales que haya indicado. Tambi\u00e9n puede solicitar que se eliminen los datos almacenados. Esto no incluye los datos personales que deban conservarse con fines administrativos, legales o de seguridad.<\/p><h4><strong>D\u00f3nde se env\u00edan sus datos<\/strong><\/h4><p>Los comentarios de los visitantes pueden ser controlados por un servicio autom\u00e1tico de detecci\u00f3n de spam.<\/p><h4><strong>Pol\u00edtica de privacidad de la tienda en l\u00ednea<\/strong><\/h4><p>Recopilamos informaci\u00f3n sobre usted durante el proceso de pago en nuestra tienda.<\/p><h4><strong>Qu\u00e9 recopilamos y almacenamos<\/strong><\/h4><p>Mientras visita nuestro sitio, lo grabaremos:<\/p><ul><li><u>Productos que ha visto<\/u>La utilizaremos, por ejemplo, para mostrarle productos que haya visto recientemente;<\/li><li><u>Ubicaci\u00f3n, direcci\u00f3n IP y tipo de navegador<\/u>Si en nuestra tienda hay productos f\u00edsicos, los utilizaremos para calcular los impuestos y el transporte;<\/li><li><u>C\u00e1lculo de fletes<\/u>Le pediremos, por ejemplo, que estime los costes de transporte antes de realizar un pedido si hay productos f\u00edsicos disponibles en nuestra tienda.<\/li><\/ul><p>Tambi\u00e9n utilizamos cookies para mantener el contenido de su cesta mientras navega por nuestro sitio.<\/p><p>Cuando compre en nuestra tienda, le pediremos que nos facilite informaci\u00f3n como su nombre, direcci\u00f3n de pago, direcci\u00f3n de env\u00edo, direcci\u00f3n de correo electr\u00f3nico, n\u00famero de tel\u00e9fono, datos de la tarjeta de cr\u00e9dito\/pago e informaci\u00f3n opcional de la cuenta, como el usuario de acceso a la cuenta y la contrase\u00f1a. Utilizaremos esta informaci\u00f3n para fines tales como:<\/p><ul><li>Enviarle informaci\u00f3n sobre su cuenta y su pedido;<\/li><li>Responder a sus peticiones, incluidas devoluciones y reclamaciones;<\/li><li>Procesamiento de pagos y prevenci\u00f3n del fraude;<\/li><li>Configurar su cuenta para nuestra tienda;<\/li><li>Para cumplir todas las obligaciones legales que tenemos, como el c\u00e1lculo de impuestos;<\/li><li>Mejorando las ofertas de nuestra tienda;<\/li><li>Enviarle mensajes de marketing si desea recibirlos.<\/li><\/ul><p>Si crea una cuenta, almacenamos su nombre, direcci\u00f3n, direcci\u00f3n de correo electr\u00f3nico y n\u00famero de tel\u00e9fono, que se utilizar\u00e1n para cumplimentar sus datos para futuros pedidos.<\/p><p>En general, almacenamos su informaci\u00f3n durante el tiempo que la necesitamos por las razones por las que la recogimos, y no estamos obligados por ley a seguir conserv\u00e1ndola. Por ejemplo, almacenaremos la informaci\u00f3n durante 5 a\u00f1os a efectos fiscales y contables. Esto incluye su nombre, direcci\u00f3n de correo electr\u00f3nico, direcci\u00f3n de pago y de env\u00edo.<\/p><p>Guardamos comentarios o valoraciones.<\/p><h4><strong>Qui\u00e9n de nuestro equipo tiene acceso<\/strong><\/h4><p>Los miembros de nuestro equipo tienen acceso a la informaci\u00f3n que nos facilitas. Por ejemplo, los administradores y los responsables de tienda pueden acceder a ella:<\/p><ul><li>Informaci\u00f3n sobre el pedido, qu\u00e9 compr\u00f3, cu\u00e1ndo lo compr\u00f3 y d\u00f3nde se enviar\u00e1; y<\/li><li>Informaci\u00f3n del cliente, como nombre, direcci\u00f3n de correo electr\u00f3nico y direcci\u00f3n de pago y env\u00edo.<\/li><\/ul><p>Los miembros de nuestro equipo tienen acceso a esta informaci\u00f3n para tramitar los pedidos, procesar las devoluciones y prestar asistencia al cliente.<\/p><h4><strong>Lo que compartimos con los dem\u00e1s<\/strong><\/h4><p>Compartimos informaci\u00f3n con terceros que nos ayudan a procesar sus pedidos; por ejemplo, la direcci\u00f3n de entrega a Correos si hay productos f\u00edsicos disponibles en nuestra tienda para su env\u00edo.<\/p><h4><strong>Pagos<\/strong><\/h4><p>Aceptamos pagos a trav\u00e9s de Boletos Banc\u00e1rios, Tarjetas de Cr\u00e9dito y Pix. Al procesar los pagos, algunos de sus datos se env\u00edan al banco Gerencianet. Se trata de informaci\u00f3n necesaria para procesar y gestionar el pago, como el total del pedido y la informaci\u00f3n de facturaci\u00f3n.<\/p><p>Consulte la pol\u00edtica de privacidad de<a target=\"_blank\" rel=\"\"> Gerencianet<\/a> para m\u00e1s informaci\u00f3n.<\/p><p>Actualizaci\u00f3n:<i> 20 de septiembre de 2021<\/i><\/p>\t\t\t\t\t\t\t\t<\/div>\n\t\t\t\t<\/div>\n\t\t\t\t\t<\/div>\n\t\t\t\t<\/div>\n\t\t\t\t<\/div>","protected":false},"excerpt":{"rendered":"<p>Quem somos O endere\u00e7o do nosso site \u00e9: https:\/\/morozini.net. A empresa nasceu com a ideia de dar acessibilidade ao mercado digital a pequenos, m\u00e9dios e grandes empreendedores. Com o crescimento di\u00e1rio dos usu\u00e1rios na internet do mundo todo, a tend\u00eancia \u00e9 que o mercado digital cres\u00e7a cada vez mais. Ent\u00e3o porque n\u00e3o dar aquele empurr\u00e3ozinho [&hellip;]<\/p>","protected":false},"author":1,"featured_media":0,"parent":0,"menu_order":0,"comment_status":"closed","ping_status":"closed","template":"","meta":{"footnotes":""},"class_list":["post-9398","page","type-page","status-publish","hentry"],"_links":{"self":[{"href":"https:\/\/agencia.morozini.net\/es\/wp-json\/wp\/v2\/pages\/9398","targetHints":{"allow":["GET"]}}],"collection":[{"href":"https:\/\/agencia.morozini.net\/es\/wp-json\/wp\/v2\/pages"}],"about":[{"href":"https:\/\/agencia.morozini.net\/es\/wp-json\/wp\/v2\/types\/page"}],"author":[{"embeddable":true,"href":"https:\/\/agencia.morozini.net\/es\/wp-json\/wp\/v2\/users\/1"}],"replies":[{"embeddable":true,"href":"https:\/\/agencia.morozini.net\/es\/wp-json\/wp\/v2\/comments?post=9398"}],"version-history":[{"count":0,"href":"https:\/\/agencia.morozini.net\/es\/wp-json\/wp\/v2\/pages\/9398\/revisions"}],"wp:attachment":[{"href":"https:\/\/agencia.morozini.net\/es\/wp-json\/wp\/v2\/media?parent=9398"}],"curies":[{"name":"wp","href":"https:\/\/api.w.org\/{rel}","templated":true}]}}