{"id":9398,"date":"2024-08-26T11:17:42","date_gmt":"2024-08-26T14:17:42","guid":{"rendered":"https:\/\/agencia.morozini.net\/?page_id=9398"},"modified":"2024-08-26T11:26:04","modified_gmt":"2024-08-26T14:26:04","slug":"politica-de-privacidade","status":"publish","type":"page","link":"https:\/\/agencia.morozini.net\/ja\/\u30d7\u30e9\u30a4\u30d0\u30b7\u30fc\u30dd\u30ea\u30b7\u30fc\/","title":{"rendered":"\u30d7\u30e9\u30a4\u30d0\u30b7\u30fc\u30dd\u30ea\u30b7\u30fc"},"content":{"rendered":"<div data-elementor-type=\"wp-page\" data-elementor-id=\"9398\" class=\"elementor elementor-9398\" data-elementor-post-type=\"page\">\n\t\t\t\t<div class=\"elementor-element elementor-element-2c78909 e-flex e-con-boxed e-con e-parent\" data-id=\"2c78909\" data-element_type=\"container\" data-e-type=\"container\">\n\t\t\t\t\t<div class=\"e-con-inner\">\n\t\t\t\t<div class=\"elementor-element elementor-element-7e1a368 elementor-widget elementor-widget-text-editor\" data-id=\"7e1a368\" data-element_type=\"widget\" data-e-type=\"widget\" data-widget_type=\"text-editor.default\">\n\t\t\t\t<div class=\"elementor-widget-container\">\n\t\t\t\t\t\t\t\t\t<h4>\u4f1a\u793e\u6982\u8981<\/h4><p>\u79c1\u305f\u3061\u306e\u30a6\u30a7\u30d6\u30b5\u30a4\u30c8\u306e\u30a2\u30c9\u30ec\u30b9\u306f\u6b21\u306e\u3068\u304a\u308a\u3067\u3059\uff1a <strong>https:\/\/morozini.net.<\/strong><\/p><p>\u540c\u793e\u306f\u3001\u30c7\u30b8\u30bf\u30eb\u5e02\u5834\u3092\u4e2d\u5c0f\u30fb\u5927\u4f01\u696d\u306e\u8d77\u696d\u5bb6\u306b\u3068\u3063\u3066\u5229\u7528\u3057\u3084\u3059\u3044\u3082\u306e\u306b\u3059\u308b\u3068\u3044\u3046\u8003\u3048\u306e\u3082\u3068\u306b\u8a95\u751f\u3057\u305f\u3002\u4e16\u754c\u4e2d\u306e\u30a4\u30f3\u30bf\u30fc\u30cd\u30c3\u30c8\u30fb\u30e6\u30fc\u30b6\u30fc\u304c\u65e5\u3005\u5897\u52a0\u3059\u308b\u4e2d\u3001\u30c7\u30b8\u30bf\u30eb\u5e02\u5834\u306f\u307e\u3059\u307e\u3059\u62e1\u5927\u3057\u3066\u3044\u304f\u3067\u3057\u3087\u3046\u3002\u305d\u3053\u3067\u3001\u79c1\u305f\u3061\u306e\u30d1\u30fc\u30c8\u30ca\u30fc\u3092\u5c11\u3057\u5f8c\u62bc\u3057\u3057\u3066\u307f\u307e\u305b\u3093\u304b\uff1f<\/p><p>\u3072\u3068\u3064\u78ba\u304b\u306a\u3053\u3068\u306f\u3001\u30d3\u30b8\u30cd\u30b9\u7528\u306e\u30a6\u30a7\u30d6\u30b5\u30a4\u30c8\u3092\u4f5c\u308c\u3070\u3001\u58f2\u4e0a\u3084\u30b5\u30fc\u30d3\u30b9\u304c\u5897\u3048\u308b\u53ef\u80fd\u6027\u304c\u9ad8\u3044\u3068\u3044\u3046\u3053\u3068\u3067\u3059\u3002\u6700\u3082\u4fe1\u983c\u6027\u306e\u9ad8\u3044\u30b3\u30df\u30e5\u30cb\u30b1\u30fc\u30b7\u30e7\u30f3\u30fb\u30c1\u30e3\u30cd\u30eb\u306e\u3072\u3068\u3064\u3067\u3042\u308b\u30a6\u30a7\u30d6\u30b5\u30a4\u30c8\u304c\u3042\u308c\u3070\u3001\u4f01\u696d\u60c5\u5831\u3092\u3088\u308a\u5145\u5b9f\u3057\u305f\u3082\u306e\u306b\u3059\u308b\u3053\u3068\u304c\u3067\u304d\u307e\u3059\u3002<\/p><p>\u306a\u3069\u306e\u691c\u7d22\u30a8\u30f3\u30b8\u30f3\u3067\u691c\u7d22\u3055\u308c\u308b\u3053\u3068\u3002 <a href=\"https:\/\/google.com\/\" target=\"_blank\" rel=\"noopener noreferrer\">\u30b0\u30fc\u30b0\u30eb<\/a> e<a href=\"https:\/\/www.bing.com\/\" target=\"_blank\" rel=\"noopener noreferrer\"> \u30d3\u30f3\u30b0<\/a> \u306f\u3001\u8ab0\u304b\u304c\u3042\u306a\u305f\u306e\u63d0\u4f9b\u3059\u308b\u30b5\u30fc\u30d3\u30b9\u3092\u691c\u7d22\u3059\u308b\u969b\u306b\u3082\u91cd\u8981\u3067\u3059\u3002\u79c1\u305f\u3061\u306e\u30c1\u30fc\u30e0\u306f\u3001\u691c\u7d22\u30a8\u30f3\u30b8\u30f3\u3068\u30bd\u30fc\u30b7\u30e3\u30eb\u30cd\u30c3\u30c8\u30ef\u30fc\u30af\u306e\u6700\u9ad8\u306e\u7ba1\u7406\u3092\u6301\u3063\u3066\u3044\u308b\u3068\u81ea\u8ca0\u3057\u3066\u3044\u307e\u3059\u3002<\/p><p>\u3053\u308c\u3089\u306e\u3053\u3068\u3092\u5ff5\u982d\u306b\u7f6e\u3044\u3066 <strong>MOROZINI.NET<\/strong> \u304c\u751f\u307e\u308c\u305f\u3002<\/p><h4><strong>\u5f53\u793e\u304c\u53ce\u96c6\u3059\u308b\u30c7\u30fc\u30bf\u3068\u305d\u306e\u7406\u7531<\/strong><\/h4><p>\u53ce\u96c6\u3055\u308c\u305f\u304a\u5ba2\u69d8\u306e\u500b\u4eba\u60c5\u5831\u306f\u3059\u3079\u3066\u3001\u304a\u5ba2\u69d8\u304c\u5f53\u30b5\u30a4\u30c8\u3092\u53ef\u80fd\u306a\u9650\u308a\u751f\u7523\u7684\u3067\u697d\u3057\u3044\u3082\u306e\u306b\u3059\u308b\u305f\u3081\u306b\u4f7f\u7528\u3055\u308c\u307e\u3059\u3002<\/p><p>\u5f53\u793e\u306e\u30a6\u30a7\u30d6\u30b5\u30a4\u30c8\u5229\u7528\u8005\u306e\u500b\u4eba\u60c5\u5831\u306e\u6a5f\u5bc6\u6027\u3092\u78ba\u4fdd\u3059\u308b\u3053\u3068\u306f\u3001\u4ee5\u4e0b\u306b\u3068\u3063\u3066\u91cd\u8981\u3067\u3059\u3002 <strong>MOROZINI.NET<\/strong>.<\/p><p>\u3092\u5229\u7528\u3059\u308b\u4f1a\u54e1\u3001\u8cfc\u8aad\u8005\u3001\u9867\u5ba2\u307e\u305f\u306f\u8a2a\u554f\u8005\u306b\u95a2\u3059\u308b\u3059\u3079\u3066\u306e\u500b\u4eba\u60c5\u5831\u3002 <strong>MOROZINI.NET <\/strong>\u306f\u30011998\u5e7410\u670826\u65e5\u4ed8\u500b\u4eba\u60c5\u5831\u4fdd\u8b77\u6cd5\uff08\u6cd5\u5f8b\u7b2c67\/98\u53f7\uff09\u306b\u57fa\u3065\u3044\u3066\u51e6\u7406\u3055\u308c\u307e\u3059\u3002<\/p><p>\u53ce\u96c6\u3059\u308b\u500b\u4eba\u60c5\u5831\u306b\u306f\u3001\u6c0f\u540d\u3001\u30e1\u30fc\u30eb\u30a2\u30c9\u30ec\u30b9\u3001\u96fb\u8a71\u756a\u53f7\u3001\u643a\u5e2f\u96fb\u8a71\u756a\u53f7\u3001\u4f4f\u6240\u3001\u751f\u5e74\u6708\u65e5\u306a\u3069\u304c\u542b\u307e\u308c\u307e\u3059\u3002<\/p><p>\u30b5\u30a4\u30c8\u306e\u5229\u7528 <strong>MOROZINI.NET <\/strong>\u306f\u3001\u672c\u30d7\u30e9\u30a4\u30d0\u30b7\u30fc\u898f\u7d04\u306b\u540c\u610f\u3057\u305f\u3082\u306e\u3068\u307f\u306a\u3057\u307e\u3059\u3002\u500b\u4eba\u60c5\u5831\u4fdd\u8b77\u65b9\u91dd<strong> MOROZINI.NET<\/strong> \u306f\u3001\u4e8b\u524d\u306e\u901a\u77e5\u306a\u3057\u306b\u672c\u898f\u7d04\u3092\u5909\u66f4\u3059\u308b\u6a29\u5229\u3092\u7559\u4fdd\u3057\u307e\u3059\u3002\u5f93\u3063\u3066\u3001\u5f53\u793e\u306e\u30d7\u30e9\u30a4\u30d0\u30b7\u30fc\u30dd\u30ea\u30b7\u30fc\u3092\u5b9a\u671f\u7684\u306b\u78ba\u8a8d\u3057\u3001\u5e38\u306b\u6700\u65b0\u306e\u60c5\u5831\u3092\u5165\u624b\u3055\u308c\u308b\u3053\u3068\u3092\u304a\u52e7\u3081\u3057\u307e\u3059\u3002<\/p><h4><strong>\u30b3\u30e1\u30f3\u30c8<\/strong><\/h4><p>\u8a2a\u554f\u8005\u304c\u30b5\u30a4\u30c8\u306b\u30b3\u30e1\u30f3\u30c8\u3092\u6b8b\u3057\u305f\u5834\u5408\u3001\u30b3\u30e1\u30f3\u30c8\u30d5\u30a9\u30fc\u30e0\u306b\u542b\u307e\u308c\u308b\u30c7\u30fc\u30bf\u306f\u3001\u30b9\u30d1\u30e0\u691c\u51fa\u306b\u5f79\u7acb\u3066\u308b\u305f\u3081\u3001IP\u30a2\u30c9\u30ec\u30b9\u3068\u30d6\u30e9\u30a6\u30b6\u306e\u30e6\u30fc\u30b6\u30fc\u30a8\u30fc\u30b8\u30a7\u30f3\u30c8\u3068\u540c\u69d8\u306b\u4fdd\u5b58\u3055\u308c\u307e\u3059\u3002<\/p><p>\u3042\u306a\u305f\u306e\u96fb\u5b50\u30e1\u30fc\u30eb\u30a2\u30c9\u30ec\u30b9\u304b\u3089\u4f5c\u6210\u3055\u308c\u305f\u533f\u540d\u5316\u3055\u308c\u305f\u6587\u5b57\u5217\uff08\u30cf\u30c3\u30b7\u30e5\u3068\u3082\u547c\u3070\u308c\u308b\uff09\u306f\u3001\u3042\u306a\u305f\u304c\u305d\u308c\u3092\u4f7f\u7528\u3057\u3066\u3044\u308b\u3053\u3068\u3092\u78ba\u8a8d\u3059\u308b\u305f\u3081\u306bGravatar\u306e\u3088\u3046\u306a\u30b5\u30fc\u30d3\u30b9\u306b\u9001\u4fe1\u3059\u308b\u3053\u3068\u304c\u3067\u304d\u307e\u3059\u3002\u3042\u306a\u305f\u306e\u30b3\u30e1\u30f3\u30c8\u304c\u627f\u8a8d\u3055\u308c\u308b\u3068\u3001\u3042\u306a\u305f\u306e\u30d7\u30ed\u30d5\u30a3\u30fc\u30eb\u753b\u50cf\u304c\u30b3\u30e1\u30f3\u30c8\u306e\u6587\u8108\u3067\u4e00\u822c\u516c\u958b\u3055\u308c\u307e\u3059\u3002<\/p><h4><strong>\u30de\u30eb\u30c1\u30e1\u30c7\u30a3\u30a2<\/strong><\/h4><p>\u672c\u30b5\u30a4\u30c8\u306b\u753b\u50cf\u3092\u30a2\u30c3\u30d7\u30ed\u30fc\u30c9\u3059\u308b\u5834\u5408\u3001\u30b8\u30aa\u30ed\u30b1\u30fc\u30b7\u30e7\u30f3\u30c7\u30fc\u30bf\uff08EXIF GPS\uff09\u3092\u57cb\u3081\u8fbc\u3093\u3060\u753b\u50cf\u306e\u30a2\u30c3\u30d7\u30ed\u30fc\u30c9\u306f\u907f\u3051\u3066\u304f\u3060\u3055\u3044\u3002\u8a2a\u554f\u8005\u306f\u3001\u30b5\u30a4\u30c8\u4e0a\u306e\u753b\u50cf\u304b\u3089\u30b8\u30aa\u30ed\u30b1\u30fc\u30b7\u30e7\u30f3\u30c7\u30fc\u30bf\u3092\u30c0\u30a6\u30f3\u30ed\u30fc\u30c9\u3057\u3001\u62bd\u51fa\u3059\u308b\u3053\u3068\u304c\u3067\u304d\u307e\u3059\u3002<\/p><h4><strong>\u30af\u30c3\u30ad\u30fc<\/strong><\/h4><p>\u5f53\u30b5\u30a4\u30c8\u306b\u30b3\u30e1\u30f3\u30c8\u3092\u6b8b\u3059\u3068\u3001\u304a\u540d\u524d\u3001\u30e1\u30fc\u30eb\u30a2\u30c9\u30ec\u30b9\u3001\u30a6\u30a7\u30d6\u30b5\u30a4\u30c8\u3092\u30af\u30c3\u30ad\u30fc\u306b\u4fdd\u5b58\u3059\u308b\u3053\u3068\u304c\u3067\u304d\u307e\u3059\u3002\u3053\u308c\u306f\u3001\u3042\u306a\u305f\u304c\u5225\u306e\u30b3\u30e1\u30f3\u30c8\u3092\u6b8b\u3059\u3068\u304d\u306b\u518d\u3073\u3042\u306a\u305f\u306e\u8a73\u7d30\u3092\u8a18\u5165\u3059\u308b\u5fc5\u8981\u304c\u306a\u3044\u3088\u3046\u306b\u3042\u306a\u305f\u306e\u4fbf\u5b9c\u306e\u305f\u3081\u3067\u3059\u3002\u3053\u306e\u30af\u30c3\u30ad\u30fc\u306f1\u5e74\u9593\u6709\u52b9\u3067\u3059\u3002<\/p><p>\u30ed\u30b0\u30a4\u30f3\u30da\u30fc\u30b8\u306b\u30a2\u30af\u30bb\u30b9\u3059\u308b\u3068\u3001\u30d6\u30e9\u30a6\u30b6\u304c\u30af\u30c3\u30ad\u30fc\u3092\u53d7\u3051\u5165\u308c\u308b\u304b\u3069\u3046\u304b\u3092\u5224\u65ad\u3059\u308b\u305f\u3081\u306b\u4e00\u6642\u7684\u306a\u30af\u30c3\u30ad\u30fc\u304c\u8a2d\u5b9a\u3055\u308c\u307e\u3059\u3002\u3053\u306e\u30af\u30c3\u30ad\u30fc\u306b\u306f\u500b\u4eba\u60c5\u5831\u306f\u542b\u307e\u308c\u3066\u304a\u3089\u305a\u3001\u30d6\u30e9\u30a6\u30b6\u3092\u9589\u3058\u308b\u3068\u524a\u9664\u3055\u308c\u307e\u3059\u3002<\/p><p>\u30ed\u30b0\u30a4\u30f3\u3059\u308b\u3068\u3001\u30bb\u30c3\u30b7\u30e7\u30f3\u60c5\u5831\u3068\u753b\u9762\u8868\u793a\u306e\u9078\u629e\u80a2\u3092\u4fdd\u5b58\u3059\u308b\u305f\u3081\u306b\u3001\u3044\u304f\u3064\u304b\u306e\u30af\u30c3\u30ad\u30fc\u304c\u8a2d\u5b9a\u3055\u308c\u307e\u3059\u3002\u30ed\u30b0\u30a4\u30f3\u30af\u30c3\u30ad\u30fc\u306f1\u5e74\u9593\u6709\u52b9\u3067\u3059\u3002Remember me\u300d\u3092\u9078\u629e\u3059\u308b\u3068\u3001\u30bb\u30c3\u30b7\u30e7\u30f3\u306f2\u9031\u9593\u6301\u7d9a\u3057\u307e\u3059\u3002\u30ed\u30b0\u30a2\u30a6\u30c8\u3059\u308b\u3068\u3001\u30ed\u30b0\u30a4\u30f3\u30af\u30c3\u30ad\u30fc\u306f\u524a\u9664\u3055\u308c\u307e\u3059\u3002<\/p><p>\u8a18\u4e8b\u3092\u7de8\u96c6\u307e\u305f\u306f\u516c\u958b\u3059\u308b\u3068\u3001\u8ffd\u52a0\u306e\u30af\u30c3\u30ad\u30fc\u304c\u30d6\u30e9\u30a6\u30b6\u306b\u4fdd\u5b58\u3055\u308c\u307e\u3059\u3002\u3053\u306e\u30af\u30c3\u30ad\u30fc\u306f\u500b\u4eba\u60c5\u5831\u3092\u542b\u307e\u305a\u3001\u5358\u306b\u7de8\u96c6\u3057\u305f\u8a18\u4e8b\u306e\u30b3\u30f3\u30c6\u30f3\u30c4ID\u3092\u793a\u3057\u307e\u3059\u3002\u6709\u52b9\u671f\u9650\u306f1\u65e5\u3067\u3059\u3002<\/p><h4><strong>\u4ed6\u30b5\u30a4\u30c8\u304b\u3089\u306e\u57cb\u3081\u8fbc\u307f\u30b3\u30f3\u30c6\u30f3\u30c4<\/strong><\/h4><p>\u5f53\u30b5\u30a4\u30c8\u306e\u8a18\u4e8b\u306b\u306f\u3001\u57cb\u3081\u8fbc\u307f\u30b3\u30f3\u30c6\u30f3\u30c4\uff08\u52d5\u753b\u3001\u753b\u50cf\u3001\u8a18\u4e8b\u306a\u3069\uff09\u304c\u542b\u307e\u308c\u3066\u3044\u308b\u5834\u5408\u304c\u3042\u308a\u307e\u3059\u3002\u4ed6\u306e\u30b5\u30a4\u30c8\u304b\u3089\u306e\u57cb\u3081\u8fbc\u307f\u30b3\u30f3\u30c6\u30f3\u30c4\u306f\u3001\u30e6\u30fc\u30b6\u30fc\u304c\u305d\u306e\u30b5\u30a4\u30c8\u3092\u8a2a\u554f\u3057\u3066\u3044\u308b\u304b\u306e\u3088\u3046\u306b\u52d5\u4f5c\u3057\u307e\u3059\u3002<\/p><p>\u3053\u306e\u30a6\u30a7\u30d6\u30b5\u30a4\u30c8\u306f\u3001\u304a\u5ba2\u69d8\u306b\u95a2\u3059\u308b\u30c7\u30fc\u30bf\u3092\u53ce\u96c6\u3057\u3001\u30af\u30c3\u30ad\u30fc\u3092\u4f7f\u7528\u3057\u3001\u30b5\u30fc\u30c9\u30d1\u30fc\u30c6\u30a3\u306e\u30c8\u30e9\u30c3\u30ad\u30f3\u30b0\u3092\u7d44\u307f\u8fbc\u307f\u3001\u304a\u5ba2\u69d8\u304c\u30a2\u30ab\u30a6\u30f3\u30c8\u3092\u6301\u3061\u3001\u305d\u306e\u30b5\u30a4\u30c8\u306b\u30ed\u30b0\u30a4\u30f3\u3057\u3066\u3044\u308b\u5834\u5408\u3001\u57cb\u3081\u8fbc\u307e\u308c\u305f\u30b3\u30f3\u30c6\u30f3\u30c4\u3068\u306e\u30a4\u30f3\u30bf\u30e9\u30af\u30b7\u30e7\u30f3\u3092\u8a18\u9332\u3059\u308b\u3053\u3068\u3092\u542b\u3081\u3001\u304a\u5ba2\u69d8\u3068\u306e\u30a4\u30f3\u30bf\u30e9\u30af\u30b7\u30e7\u30f3\u3092\u76e3\u8996\u3059\u308b\u3053\u3068\u304c\u3042\u308a\u307e\u3059\u3002<\/p><h4><strong>\u304a\u5ba2\u69d8\u306e\u30c7\u30fc\u30bf\u306e\u4fdd\u6301\u671f\u9593<\/strong><\/h4><p>\u30b3\u30e1\u30f3\u30c8\u3092\u6b8b\u3059\u3068\u3001\u305d\u306e\u30b3\u30e1\u30f3\u30c8\u3068\u30e1\u30bf\u30c7\u30fc\u30bf\u306f\u7121\u671f\u9650\u306b\u4fdd\u5b58\u3055\u308c\u307e\u3059\u3002\u3053\u308c\u306f\u3001\u305d\u306e\u5f8c\u306e\u30b3\u30e1\u30f3\u30c8\u3092\u30e2\u30c7\u30ec\u30fc\u30b7\u30e7\u30f3\u30ad\u30e5\u30fc\u306b\u5165\u308c\u308b\u306e\u3067\u306f\u306a\u304f\u3001\u81ea\u52d5\u7684\u306b\u8a8d\u8b58\u3057\u3066\u627f\u8a8d\u3067\u304d\u308b\u3088\u3046\u306b\u3059\u308b\u305f\u3081\u3067\u3059\u3002<\/p><p>\u5f53\u30b5\u30a4\u30c8\u306b\u767b\u9332\u3057\u305f\u30e6\u30fc\u30b6\u30fc\uff08\u3044\u308b\u5834\u5408\uff09\u306b\u3064\u3044\u3066\u306f\u3001\u63d0\u4f9b\u3055\u308c\u305f\u500b\u4eba\u60c5\u5831\u3092\u30e6\u30fc\u30b6\u30fc\u30d7\u30ed\u30d5\u30a3\u30fc\u30eb\u306b\u4fdd\u5b58\u3057\u307e\u3059\u3002\u3059\u3079\u3066\u306e\u30e6\u30fc\u30b6\u30fc\u306f\u3001\u3044\u3064\u3067\u3082\u500b\u4eba\u60c5\u5831\u3092\u95b2\u89a7\u3001\u7de8\u96c6\u3001\u524a\u9664\u3059\u308b\u3053\u3068\u304c\u3067\u304d\u307e\u3059\uff08\u305f\u3060\u3057\u3001\u30e6\u30fc\u30b6\u30fc\u540d\u306f\u5909\u66f4\u3067\u304d\u307e\u305b\u3093\uff09\u3002\u30b5\u30a4\u30c8\u7ba1\u7406\u8005\u3082\u3053\u306e\u60c5\u5831\u3092\u95b2\u89a7\u3001\u7de8\u96c6\u3059\u308b\u3053\u3068\u304c\u3067\u304d\u307e\u3059\u3002<\/p><h4><strong>\u304a\u5ba2\u69d8\u306e\u30c7\u30fc\u30bf\u306b\u95a2\u3059\u308b\u6a29\u5229<\/strong><\/h4><p>\u672c\u30b5\u30a4\u30c8\u306b\u30a2\u30ab\u30a6\u30f3\u30c8\u3092\u304a\u6301\u3061\u306e\u5834\u5408\u3001\u307e\u305f\u306f\u30b3\u30e1\u30f3\u30c8\u3092\u6b8b\u3055\u308c\u305f\u5834\u5408\u3001\u304a\u5ba2\u69d8\u304c\u660e\u793a\u3055\u308c\u305f\u500b\u4eba\u30c7\u30fc\u30bf\u3092\u542b\u3080\u3001\u4fdd\u5b58\u3055\u308c\u3066\u3044\u308b\u500b\u4eba\u30c7\u30fc\u30bf\u306e\u30a8\u30af\u30b9\u30dd\u30fc\u30c8\u30d5\u30a1\u30a4\u30eb\u306e\u53d7\u3051\u53d6\u308a\u3092\u8981\u6c42\u3059\u308b\u3053\u3068\u304c\u3067\u304d\u307e\u3059\u3002\u307e\u305f\u3001\u4fdd\u5b58\u3055\u308c\u3066\u3044\u308b\u30c7\u30fc\u30bf\u306e\u524a\u9664\u3092\u8981\u6c42\u3059\u308b\u3053\u3068\u3082\u3067\u304d\u307e\u3059\u3002\u3053\u308c\u306b\u306f\u3001\u7ba1\u7406\u4e0a\u3001\u6cd5\u5f8b\u4e0a\u3001\u307e\u305f\u306f\u30bb\u30ad\u30e5\u30ea\u30c6\u30a3\u4e0a\u306e\u76ee\u7684\u3067\u4fdd\u5b58\u304c\u7fa9\u52d9\u4ed8\u3051\u3089\u308c\u3066\u3044\u308b\u500b\u4eba\u30c7\u30fc\u30bf\u306f\u542b\u307e\u308c\u307e\u305b\u3093\u3002<\/p><h4><strong>\u304a\u5ba2\u69d8\u306e\u30c7\u30fc\u30bf\u306e\u9001\u4fe1\u5148<\/strong><\/h4><p>\u8a2a\u554f\u8005\u306e\u30b3\u30e1\u30f3\u30c8\u306f\u3001\u81ea\u52d5\u30b9\u30d1\u30e0\u691c\u51fa\u30b5\u30fc\u30d3\u30b9\u306b\u3088\u3063\u3066\u30c1\u30a7\u30c3\u30af\u3059\u308b\u3053\u3068\u304c\u3067\u304d\u307e\u3059\u3002<\/p><h4><strong>\u30aa\u30f3\u30e9\u30a4\u30f3\u30b7\u30e7\u30c3\u30d7 \u30d7\u30e9\u30a4\u30d0\u30b7\u30fc\u30dd\u30ea\u30b7\u30fc<\/strong><\/h4><p>\u5f53\u30b7\u30e7\u30c3\u30d7\u3067\u306f\u3001\u30c1\u30a7\u30c3\u30af\u30a2\u30a6\u30c8\u306e\u969b\u306b\u304a\u5ba2\u69d8\u306b\u95a2\u3059\u308b\u60c5\u5831\u3092\u53ce\u96c6\u3057\u307e\u3059\u3002<\/p><h4><strong>\u5f53\u793e\u304c\u53ce\u96c6\u30fb\u4fdd\u5b58\u3059\u308b\u3082\u306e<\/strong><\/h4><p>\u304a\u5ba2\u69d8\u304c\u5f53\u30b5\u30a4\u30c8\u3092\u8a2a\u554f\u3055\u308c\u308b\u9593\u3001\u79c1\u305f\u3061\u306f\u305d\u308c\u3092\u8a18\u9332\u3057\u307e\u3059\uff1a<\/p><ul><li><u>\u3054\u89a7\u306b\u306a\u3063\u305f\u5546\u54c1<\/u>\u4f8b\u3048\u3070\u3001\u304a\u5ba2\u69d8\u304c\u6700\u8fd1\u3054\u89a7\u306b\u306a\u3063\u305f\u5546\u54c1\u3092\u8868\u793a\u3059\u308b\u305f\u3081\u306b\u4f7f\u7528\u3057\u307e\u3059\uff1b<\/li><li><u>\u4f4d\u7f6e\u60c5\u5831\u3001IP\u30a2\u30c9\u30ec\u30b9\u3001\u30d6\u30e9\u30a6\u30b6\u306e\u7a2e\u985e<\/u>\u5f53\u5e97\u306b\u73fe\u7269\u304c\u3042\u308b\u5834\u5408\u3001\u7a0e\u91d1\u3068\u8f38\u9001\u8cbb\u3092\u898b\u7a4d\u3082\u308b\u305f\u3081\u306b\u4f7f\u7528\u3057\u307e\u3059\uff1b<\/li><li><u>\u904b\u8cc3\u8a08\u7b97<\/u>\u4f8b\u3048\u3070\u3001\u5f53\u30b7\u30e7\u30c3\u30d7\u306b\u73fe\u7269\u5546\u54c1\u304c\u3042\u308b\u5834\u5408\u3001\u3054\u6ce8\u6587\u306e\u524d\u306b\u8f38\u9001\u8cbb\u306e\u304a\u898b\u7a4d\u3082\u308a\u3092\u304a\u9858\u3044\u3057\u3066\u304a\u308a\u307e\u3059\u3002<\/li><\/ul><p>\u307e\u305f\u3001\u304a\u5ba2\u69d8\u304c\u5f53\u30b5\u30a4\u30c8\u3092\u95b2\u89a7\u3057\u3066\u3044\u308b\u9593\u3001\u304a\u5ba2\u69d8\u306e\u30d0\u30b9\u30b1\u30c3\u30c8\u306e\u5185\u5bb9\u3092\u7dad\u6301\u3059\u308b\u305f\u3081\u306b\u30af\u30c3\u30ad\u30fc\u3092\u4f7f\u7528\u3057\u307e\u3059\u3002<\/p><p>\u304a\u5ba2\u69d8\u304c\u5f53\u30b7\u30e7\u30c3\u30d7\u3067\u5546\u54c1\u3092\u8cfc\u5165\u3055\u308c\u308b\u5834\u5408\u3001\u304a\u5ba2\u69d8\u306e\u6c0f\u540d\u3001\u652f\u6255\u5148\u4f4f\u6240\u3001\u914d\u9001\u5148\u4f4f\u6240\u3001E\u30e1\u30fc\u30eb\u30a2\u30c9\u30ec\u30b9\u3001\u96fb\u8a71\u756a\u53f7\u3001\u30af\u30ec\u30b8\u30c3\u30c8\u30ab\u30fc\u30c9\/\u652f\u6255\u8a73\u7d30\u3001\u304a\u3088\u3073\u30a2\u30ab\u30a6\u30f3\u30c8\u30a2\u30af\u30bb\u30b9\u30e6\u30fc\u30b6\u30fc\u3084\u30d1\u30b9\u30ef\u30fc\u30c9\u306a\u3069\u306e\u30aa\u30d7\u30b7\u30e7\u30f3\u30a2\u30ab\u30a6\u30f3\u30c8\u60c5\u5831\u306a\u3069\u306e\u60c5\u5831\u306e\u63d0\u4f9b\u3092\u304a\u9858\u3044\u3057\u3066\u3044\u307e\u3059\u3002\u3053\u308c\u3089\u306e\u60c5\u5831\u306f\u3001\u4ee5\u4e0b\u306e\u3088\u3046\u306a\u76ee\u7684\u3067\u4f7f\u7528\u3055\u308c\u307e\u3059\uff1a<\/p><ul><li>\u304a\u5ba2\u69d8\u306e\u30a2\u30ab\u30a6\u30f3\u30c8\u304a\u3088\u3073\u3054\u6ce8\u6587\u306b\u95a2\u3059\u308b\u60c5\u5831\u306e\u9001\u4ed8<\/li><li>\u6255\u3044\u623b\u3057\u3084\u82e6\u60c5\u306a\u3069\u3001\u304a\u5ba2\u69d8\u306e\u3054\u8981\u671b\u306b\u304a\u5fdc\u3048\u3057\u307e\u3059\uff1b<\/li><li>\u652f\u6255\u51e6\u7406\u304a\u3088\u3073\u8a50\u6b3a\u9632\u6b62\uff1b<\/li><li>\u5f53\u30b7\u30e7\u30c3\u30d7\u306e\u30a2\u30ab\u30a6\u30f3\u30c8\u8a2d\u5b9a<\/li><li>\u7a0e\u91d1\u306e\u8a08\u7b97\u306a\u3069\u3001\u5f53\u793e\u304c\u8ca0\u3046\u3059\u3079\u3066\u306e\u6cd5\u7684\u7fa9\u52d9\u3092\u5c65\u884c\u3059\u308b\u305f\u3081\uff1b<\/li><li>\u79c1\u305f\u3061\u306e\u30b7\u30e7\u30c3\u30d7\u306e\u30aa\u30d5\u30a1\u30fc\u3092\u6539\u5584\u3059\u308b\uff1b<\/li><li>\u304a\u5ba2\u69d8\u304c\u53d7\u4fe1\u3092\u5e0c\u671b\u3055\u308c\u308b\u5834\u5408\u3001\u30de\u30fc\u30b1\u30c6\u30a3\u30f3\u30b0\u30e1\u30c3\u30bb\u30fc\u30b8\u3092\u304a\u9001\u308a\u3057\u307e\u3059\u3002<\/li><\/ul><p>\u304a\u5ba2\u69d8\u304c\u30a2\u30ab\u30a6\u30f3\u30c8\u3092\u4f5c\u6210\u3055\u308c\u305f\u5834\u5408\u3001\u5f53\u793e\u306f\u304a\u5ba2\u69d8\u306e\u304a\u540d\u524d\u3001\u3054\u4f4f\u6240\u3001E\u30e1\u30fc\u30eb\u30a2\u30c9\u30ec\u30b9\u3001\u96fb\u8a71\u756a\u53f7\u3092\u4fdd\u5b58\u3057\u307e\u3059\u3002<\/p><p>\u4e00\u822c\u7684\u306b\u3001\u5f53\u793e\u306f\u304a\u5ba2\u69d8\u306e\u60c5\u5831\u3092\u3001\u5f53\u793e\u304c\u53ce\u96c6\u3057\u305f\u7406\u7531\u306e\u305f\u3081\u306b\u5fc5\u8981\u306a\u9650\u308a\u4fdd\u5b58\u3057\u307e\u3059\u3002\u4f8b\u3048\u3070\u3001\u5f53\u793e\u306f\u7a0e\u52d9\u304a\u3088\u3073\u4f1a\u8a08\u306e\u76ee\u7684\u30675\u5e74\u9593\u60c5\u5831\u3092\u4fdd\u5b58\u3057\u307e\u3059\u3002\u3053\u308c\u306b\u306f\u3001\u304a\u5ba2\u69d8\u306e\u6c0f\u540d\u3001E\u30e1\u30fc\u30eb\u30a2\u30c9\u30ec\u30b9\u3001\u652f\u6255\u3044\u5148\u4f4f\u6240\u3001\u914d\u9001\u5148\u4f4f\u6240\u304c\u542b\u307e\u308c\u307e\u3059\u3002<\/p><p>\u30b3\u30e1\u30f3\u30c8\u3084\u8a55\u4fa1\u3092\u4fdd\u5b58\u3057\u307e\u3059\u3002<\/p><h4><strong>\u30c1\u30fc\u30e0\u306e\u8ab0\u304c\u30a2\u30af\u30bb\u30b9\u3067\u304d\u308b\u304b<\/strong><\/h4><p>\u79c1\u305f\u3061\u306e\u30c1\u30fc\u30e0\u306e\u30e1\u30f3\u30d0\u30fc\u306f\u3001\u3042\u306a\u305f\u304c\u79c1\u305f\u3061\u306b\u4e0e\u3048\u3089\u308c\u305f\u60c5\u5831\u306b\u30a2\u30af\u30bb\u30b9\u3059\u308b\u3053\u3068\u304c\u3067\u304d\u307e\u3059\u3002\u4f8b\u3048\u3070\u3001\u7ba1\u7406\u8005\u3084\u30b7\u30e7\u30c3\u30d7\u30de\u30cd\u30fc\u30b8\u30e3\u30fc\u304c\u30a2\u30af\u30bb\u30b9\u3067\u304d\u307e\u3059\uff1a<\/p><ul><li>\u6ce8\u6587\u60c5\u5831\u3001\u4f55\u3092\u8cb7\u3063\u305f\u304b\u3001\u3044\u3064\u8cb7\u3063\u305f\u304b\u3001\u3069\u3053\u306b\u9001\u3089\u308c\u308b\u304b\u3002<\/li><li>\u6c0f\u540d\u3001E\u30e1\u30fc\u30eb\u30a2\u30c9\u30ec\u30b9\u3001\u652f\u6255\u5148\u4f4f\u6240\u3001\u914d\u9001\u5148\u4f4f\u6240\u306a\u3069\u306e\u9867\u5ba2\u60c5\u5831\u3002<\/li><\/ul><p>\u3054\u6ce8\u6587\u306e\u51e6\u7406\u3001\u8fd4\u54c1\u306e\u51e6\u7406\u3001\u30ab\u30b9\u30bf\u30de\u30fc\u30b5\u30dd\u30fc\u30c8\u3092\u63d0\u4f9b\u3059\u308b\u305f\u3081\u306b\u3001\u5f53\u793e\u30c1\u30fc\u30e0\u306e\u30e1\u30f3\u30d0\u30fc\u306f\u3053\u308c\u3089\u306e\u60c5\u5831\u306b\u30a2\u30af\u30bb\u30b9\u3059\u308b\u3053\u3068\u304c\u3067\u304d\u307e\u3059\u3002<\/p><h4><strong>\u4ed6\u8005\u3068\u5171\u6709\u3059\u308b\u3082\u306e<\/strong><\/h4><p>\u5f0a\u793e\u306f\u3001\u304a\u5ba2\u69d8\u306e\u3054\u6ce8\u6587\u306e\u51e6\u7406\u306b\u5354\u529b\u3059\u308b\u7b2c\u4e09\u8005\u3068\u60c5\u5831\u3092\u5171\u6709\u3057\u307e\u3059\u3002\u4f8b\u3048\u3070\u3001\u5f0a\u793e\u30b7\u30e7\u30c3\u30d7\u3067\u767a\u9001\u53ef\u80fd\u306a\u73fe\u7269\u5546\u54c1\u304c\u3042\u308b\u5834\u5408\u3001\u90f5\u4fbf\u5c40\u3078\u306e\u914d\u9001\u5148\u4f4f\u6240\u306a\u3069\u3067\u3059\u3002<\/p><h4><strong>\u652f\u6255\u3044<\/strong><\/h4><p>\u5f0a\u793e\u3067\u306f\u3001Boletos Banc\u00e1rios\u3001\u30af\u30ec\u30b8\u30c3\u30c8\u30ab\u30fc\u30c9\u3001Pix\u3067\u306e\u304a\u652f\u6255\u3044\u3092\u53d7\u3051\u4ed8\u3051\u3066\u304a\u308a\u307e\u3059\u3002\u304a\u652f\u6255\u3044\u3092\u51e6\u7406\u3059\u308b\u969b\u3001\u304a\u5ba2\u69d8\u306e\u30c7\u30fc\u30bf\u306e\u4e00\u90e8\u304cGerencianet\u9280\u884c\u306b\u9001\u4fe1\u3055\u308c\u307e\u3059\u3002 \u3053\u308c\u306f\u3001\u6ce8\u6587\u5408\u8a08\u3084\u8acb\u6c42\u60c5\u5831\u306a\u3069\u3001\u304a\u652f\u6255\u3044\u3092\u51e6\u7406\u304a\u3088\u3073\u7ba1\u7406\u3059\u308b\u305f\u3081\u306b\u5fc5\u8981\u306a\u60c5\u5831\u3067\u3059\u3002<\/p><p>\u306e\u30d7\u30e9\u30a4\u30d0\u30b7\u30fc\u30dd\u30ea\u30b7\u30fc\u3092\u3054\u89a7\u304f\u3060\u3055\u3044\u3002<a target=\"_blank\" rel=\"\"> \u30b8\u30a7\u30ec\u30f3\u30b7\u30a2\u30cd\u30c3\u30c8<\/a> \u3092\u3054\u89a7\u304f\u3060\u3055\u3044\u3002<\/p><p>\u66f4\u65b0\u3057\u305f\uff1a<i> 2021\u5e749\u670820\u65e5<\/i><\/p>\t\t\t\t\t\t\t\t<\/div>\n\t\t\t\t<\/div>\n\t\t\t\t\t<\/div>\n\t\t\t\t<\/div>\n\t\t\t\t<\/div>","protected":false},"excerpt":{"rendered":"<p>Quem somos O endere\u00e7o do nosso site \u00e9: https:\/\/morozini.net. A empresa nasceu com a ideia de dar acessibilidade ao mercado digital a pequenos, m\u00e9dios e grandes empreendedores. Com o crescimento di\u00e1rio dos usu\u00e1rios na internet do mundo todo, a tend\u00eancia \u00e9 que o mercado digital cres\u00e7a cada vez mais. Ent\u00e3o porque n\u00e3o dar aquele empurr\u00e3ozinho em nossos parceiros? Uma coisa \u00e9 fato: As vendas e servi\u00e7os prestados tem grandes chances de aumentar ap\u00f3s a cria\u00e7\u00e3o de um site para o seu neg\u00f3cio. Sendo um dos canais de comunica\u00e7\u00e3o que passa mais credibilidade, com um site \u00e9 poss\u00edvel deixar as informa\u00e7\u00f5es de sua empresa mais completas. Ser encontrado nos mecanismos de [&hellip;]<\/p>","protected":false},"author":1,"featured_media":0,"parent":0,"menu_order":0,"comment_status":"closed","ping_status":"closed","template":"","meta":{"footnotes":""},"class_list":["post-9398","page","type-page","status-publish","hentry"],"_links":{"self":[{"href":"https:\/\/agencia.morozini.net\/ja\/wp-json\/wp\/v2\/pages\/9398","targetHints":{"allow":["GET"]}}],"collection":[{"href":"https:\/\/agencia.morozini.net\/ja\/wp-json\/wp\/v2\/pages"}],"about":[{"href":"https:\/\/agencia.morozini.net\/ja\/wp-json\/wp\/v2\/types\/page"}],"author":[{"embeddable":true,"href":"https:\/\/agencia.morozini.net\/ja\/wp-json\/wp\/v2\/users\/1"}],"replies":[{"embeddable":true,"href":"https:\/\/agencia.morozini.net\/ja\/wp-json\/wp\/v2\/comments?post=9398"}],"version-history":[{"count":0,"href":"https:\/\/agencia.morozini.net\/ja\/wp-json\/wp\/v2\/pages\/9398\/revisions"}],"wp:attachment":[{"href":"https:\/\/agencia.morozini.net\/ja\/wp-json\/wp\/v2\/media?parent=9398"}],"curies":[{"name":"wp","href":"https:\/\/api.w.org\/{rel}","templated":true}]}}