{"id":9398,"date":"2024-08-26T11:17:42","date_gmt":"2024-08-26T14:17:42","guid":{"rendered":"https:\/\/agencia.morozini.net\/?page_id=9398"},"modified":"2024-08-26T11:26:04","modified_gmt":"2024-08-26T14:26:04","slug":"politica-de-privacidade","status":"publish","type":"page","link":"https:\/\/agencia.morozini.net\/pt_br\/politica-de-privacidade\/","title":{"rendered":"Pol\u00edtica de Privacidade"},"content":{"rendered":"\t\t<div data-elementor-type=\"wp-page\" data-elementor-id=\"9398\" class=\"elementor elementor-9398\" data-elementor-post-type=\"page\">\n\t\t\t\t<div class=\"elementor-element elementor-element-2c78909 e-flex e-con-boxed e-con e-parent\" data-id=\"2c78909\" data-element_type=\"container\" data-e-type=\"container\">\n\t\t\t\t\t<div class=\"e-con-inner\">\n\t\t\t\t<div class=\"elementor-element elementor-element-7e1a368 elementor-widget elementor-widget-text-editor\" data-id=\"7e1a368\" data-element_type=\"widget\" data-e-type=\"widget\" data-widget_type=\"text-editor.default\">\n\t\t\t\t<div class=\"elementor-widget-container\">\n\t\t\t\t\t\t\t\t\t<h4>Quem somos<\/h4><p>O endere\u00e7o do nosso site \u00e9: <strong>https:\/\/morozini.net.<\/strong><\/p><p>A empresa nasceu com a ideia de dar acessibilidade ao mercado digital a pequenos, m\u00e9dios e grandes empreendedores. Com o crescimento di\u00e1rio dos usu\u00e1rios na internet do mundo todo, a tend\u00eancia \u00e9 que o mercado digital cres\u00e7a cada vez mais. Ent\u00e3o porque n\u00e3o dar aquele empurr\u00e3ozinho em nossos parceiros?<\/p><p>Uma coisa \u00e9 fato: As vendas e servi\u00e7os prestados tem grandes chances de aumentar ap\u00f3s a cria\u00e7\u00e3o de um site para o seu neg\u00f3cio. Sendo um dos canais de comunica\u00e7\u00e3o que passa mais credibilidade, com um site \u00e9 poss\u00edvel deixar as informa\u00e7\u00f5es de sua empresa mais completas.<\/p><p>Ser encontrado nos mecanismos de pesquisas como o <a href=\"https:\/\/google.com\/\" target=\"_blank\" rel=\"noopener noreferrer\">Google<\/a> e<a href=\"https:\/\/www.bing.com\/\" target=\"_blank\" rel=\"noopener noreferrer\"> Bing<\/a> tamb\u00e9m tem a sua import\u00e2ncia na hora que algu\u00e9m procura por servi\u00e7os que voc\u00ea oferece. Nossa equipe se orgulha em ter o melhor gerenciamento nos mecanismos de busca e nas redes sociais.<\/p><p>Pensando em tudo isso, o projeto <strong>MOROZINI.NET<\/strong> nasceu.<\/p><h4><strong>Quais dados coletamos e porque coletamos<\/strong><\/h4><p>Todas as suas informa\u00e7\u00f5es pessoais recolhidas, ser\u00e3o usadas para o ajudar a tornar a sua visita no nosso site o mais produtiva e agrad\u00e1vel poss\u00edvel.<\/p><p>A garantia da confidencialidade dos dados pessoais dos utilizadores do nosso site \u00e9 importante para o <strong>MOROZINI.NET<\/strong>.<\/p><p>Todas as informa\u00e7\u00f5es pessoais relativas a membros, assinantes, clientes ou visitantes que usem o <strong>MOROZINI.NET <\/strong>ser\u00e3o tratadas em concord\u00e2ncia com a Lei da Prote\u00e7\u00e3o de Dados Pessoais de 26 de outubro de 1998 (Lei n.\u00ba 67\/98).<\/p><p>A informa\u00e7\u00e3o pessoal recolhida pode incluir o seu nome, e-mail, n\u00famero de telefone e\/ou telem\u00f3vel, morada, data de nascimento e\/ou outros.<\/p><p>O uso do Site <strong>MOROZINI.NET <\/strong>pressup\u00f5e a aceita\u00e7\u00e3o deste Acordo de privacidade. A equipe do<strong> MOROZINI.NET<\/strong> reserva-se ao direito de alterar este acordo sem aviso pr\u00e9vio. Deste modo, recomendamos que consulte a nossa pol\u00edtica de privacidade com regularidade de forma a estar sempre atualizado.<\/p><h4><strong>Coment\u00e1rio<\/strong><\/h4><p>Quando os visitantes deixam coment\u00e1rios no site, s\u00e3o guardados os dados presentes no formul\u00e1rio dos coment\u00e1rios, bem como o endere\u00e7o de IP e o agente do utilizador do navegador, para ajudar com a detec\u00e7\u00e3o de spam.<\/p><p>Uma string an\u00f4nima criada a partir do seu endere\u00e7o de email (tamb\u00e9m designada por hash) pode ser enviada para um servi\u00e7o como o Gravatar para verificar se o est\u00e1 a utilizar. Depois do seu coment\u00e1rio ser aprovado, a fotografia do ser perfil fica vis\u00edvel para o p\u00fablico no contexto do seu coment\u00e1rio.<\/p><h4><strong>Multim\u00eddia<\/strong><\/h4><p>Ao carregar imagens para o site, deve evitar carregar imagens com dados incorporados de geolocaliza\u00e7\u00e3o (EXIF GPS). Os visitantes podem descarregar e extrair os dados de geolocaliza\u00e7\u00e3o das imagens do site.<\/p><h4><strong>Cookies<\/strong><\/h4><p>Se deixar um coment\u00e1rio no nosso site pode optar por guardar o seu nome, endere\u00e7o de email e site nos cookies. Isto \u00e9 para sua conveni\u00eancia para n\u00e3o ter de preencher novamente os seus dados quando deixar outro coment\u00e1rio. Estes cookies durar\u00e3o um ano.<\/p><p>Se visitar a p\u00e1gina de in\u00edcio de sess\u00e3o, ser\u00e1 configurado um cookie tempor\u00e1rio para determinar se o seu navegador aceita cookies. Este cookie n\u00e3o cont\u00e9m dados pessoais e ser\u00e1 eliminado ao fechar o seu navegador.<\/p><p>Ao iniciar a sess\u00e3o, ser\u00e3o configurados alguns cookies para guardar a sua informa\u00e7\u00e3o de sess\u00e3o e as suas escolhas de visualiza\u00e7\u00e3o de ecr\u00e3. Os cookies de in\u00edcio de sess\u00e3o duram um ano. Se selecionar &#8220;Lembrar-me\u201d, a sua sess\u00e3o persistir\u00e1 durante duas semanas. Ao terminar a sess\u00e3o, os cookies de in\u00edcio de sess\u00e3o ser\u00e3o removidos.<\/p><p>Se editar ou publicar um artigo, ser\u00e1 guardado no seu navegador um cookie adicional. Este cookie n\u00e3o inclui dados pessoais apenas indica o ID de conte\u00fado do artigo que acabou de editar. Expira ao fim de 1 dia.<\/p><h4><strong>Conte\u00fado incorporado de outros sites<\/strong><\/h4><p>Os artigos neste site podem incluir conte\u00fado incorporado (por exemplo: v\u00eddeos, imagens, artigos, etc.). O conte\u00fado incorporado de outros sites se comporta tal como se o utilizador visitasse esses sites.<\/p><p>Este site pode recolher dados sobre si, usar cookies, incorporar rastreio feito por terceiros, monitorizar as suas intera\u00e7\u00f5es com o mesmo, incluindo registar as intera\u00e7\u00f5es com conte\u00fado incorporado se tiver uma conta e estiver com sess\u00e3o iniciada nesse site.<\/p><h4><strong>Por quanto tempo s\u00e3o retidos os seus dados<\/strong><\/h4><p>Se deixar um coment\u00e1rio, o coment\u00e1rio e os seus metadados s\u00e3o guardados indefinidamente. Isto acontece de modo a ser poss\u00edvel reconhecer e aprovar automaticamente quaisquer coment\u00e1rios seguintes, em vez de os colocar numa fila de modera\u00e7\u00e3o.<\/p><p>Para utilizadores que se registem no nosso site (se algum), guardamos a informa\u00e7\u00e3o pessoal fornecida no seu perfil de utilizador. Todos os utilizadores podem ver, editar, ou eliminar a sua informa\u00e7\u00e3o pessoal a qualquer momento (com a excep\u00e7\u00e3o de n\u00e3o poderem alterar o nome de utilizador). Os administradores do site podem tamb\u00e9m ver e editar essa informa\u00e7\u00e3o.<\/p><h4><strong>Que direitos tem sobre os seus dados<\/strong><\/h4><p>Se tiver uma conta neste site, ou deixou coment\u00e1rios, pode pedir para receber um ficheiro de exporta\u00e7\u00e3o com os dados pessoais guardados sobre si, incluindo qualquer dado pessoal que indicou. Tamb\u00e9m pode solicitar que os dados guardados sejam eliminados. Isto n\u00e3o inclui qualquer dado pessoal que seja obrigat\u00f3rio manter para fins administrativos, legais ou de seguran\u00e7a.<\/p><h4><strong>Para onde s\u00e3o enviados os seus dados<\/strong><\/h4><p>Os coment\u00e1rios dos visitantes podem ser verificados atrav\u00e9s de um servi\u00e7o autom\u00e1tico de detec\u00e7\u00e3o de spam.<\/p><h4><strong>Pol\u00edtica de Privacidade da Loja Online<\/strong><\/h4><p>Recolhemos informa\u00e7\u00f5es sobre si durante o processo de finaliza\u00e7\u00e3o de compra na nossa loja.<\/p><h4><strong>O que recolhemos e armazenamos<\/strong><\/h4><p>Enquanto voc\u00ea visita o nosso site, vamos registar:<\/p><ul><li><u>Produtos que visualizou<\/u>: utilizaremos isto, por exemplo, para mostrar produtos que tenha visto recentemente;<\/li><li><u>Localiza\u00e7\u00e3o, endere\u00e7o IP e tipo de navegador<\/u>: utilizaremos para estimativa de impostos e transporte se houver produtos f\u00edsicos dispon\u00edveis em nossa loja;<\/li><li><u>Calculo de frete<\/u>: iremos pedir-lhe para, por exemplo, estimar os custos de transporte antes de efetuar uma encomenda se houver produtos f\u00edsicos dispon\u00edveis em nossa loja.<\/li><\/ul><p>Tamb\u00e9m utilizamos cookies para manter o conte\u00fado do carrinho enquanto navega no nosso site.<\/p><p>Quando voc\u00ea compra na nossa loja, vamos pedir-lhe para fornecer informa\u00e7\u00f5es, incluindo o seu nome, endere\u00e7o de pagamento, endere\u00e7o de envio, endere\u00e7o de email, n\u00famero de telefone, cart\u00e3o de cr\u00e9dito\/detalhes de pagamento e informa\u00e7\u00f5es de conta opcional, como utilizador e senha de acesso \u00e0 conta. Utilizaremos essas informa\u00e7\u00f5es para fins, tais como:<\/p><ul><li>Enviar-lhe informa\u00e7\u00f5es sobre a sua conta e encomenda;<\/li><li>Responder aos seus pedidos, incluindo reembolsos e queixas;<\/li><li>Processamento de pagamentos e preven\u00e7\u00e3o de fraude;<\/li><li>Configura\u00e7\u00e3o de sua conta para a nossa loja;<\/li><li>Cumprir todas as obriga\u00e7\u00f5es legais que temos, como o c\u00e1lculo de impostos;<\/li><li>Melhorar as ofertas da nossa loja;<\/li><li>Enviar-lhe mensagens de marketing, se desejar receb\u00ea-las.<\/li><\/ul><p>Se criar uma conta, guardamos o seu nome, morada, email e n\u00famero de telefone, que ser\u00e3o utilizados para preencher os seus dados nas pr\u00f3ximas encomendas.<\/p><p>Em geral, armazenamos suas informa\u00e7\u00f5es enquanto precisarmos desses dados para os motivos que os coletamos, e n\u00e3o somos obrigados, por lei, a continuar a mant\u00ea-los. Por exemplo, armazenaremos informa\u00e7\u00f5es por 5 anos para fins fiscais e contabil\u00edsticos. Isso inclui o seu nome, endere\u00e7o de email, endere\u00e7o de pagamento e envio.<\/p><p>Guardamos coment\u00e1rios ou avalia\u00e7\u00f5es.<\/p><h4><strong>Quem na nossa equipe tem acesso<\/strong><\/h4><p>Os membros da nossa equipe tem acesso a informa\u00e7\u00e3o que nos fornece. Por exemplo, os administradores e gestores de loja podem acessar:<\/p><ul><li>Informa\u00e7\u00f5es da encomenda, o que comprou, quando comprou e para onde ser\u00e1 enviado; e<\/li><li>As informa\u00e7\u00f5es do cliente como o nome, email e endere\u00e7o de pagamento e envio.<\/li><\/ul><p>Os membros da nossa equipe t\u00eam acesso a esta informa\u00e7\u00e3o para processar encomendas, processar devolu\u00e7\u00f5es e apoio ao cliente.<\/p><h4><strong>O que partilhamos com outros<\/strong><\/h4><p>Partilhamos informa\u00e7\u00f5es com terceiros que nos ajudam a processar as suas encomendas; por exemplo endere\u00e7o de entrega aos Correios se houver produtos f\u00edsicos dispon\u00edveis em nossa loja para envio.<\/p><h4><strong>Pagamentos<\/strong><\/h4><p>Aceitamos pagamentos via Boletos Banc\u00e1rios, Cart\u00f5es de Cr\u00e9dito e Pix. Ao processar os pagamentos, alguns dos seus dados s\u00e3o enviados ao banco Gerencianet, sendo informa\u00e7\u00e3o necess\u00e1ria para processar e gerir o pagamento, como o total da encomenda e a informa\u00e7\u00e3o de fatura\u00e7\u00e3o.<\/p><p>Por favor veja a Pol\u00edtica de Privacidade da<a target=\"_blank\" rel=\"\"> Gerencianet<\/a> para mais informa\u00e7\u00f5es.<\/p><p>Atualiza\u00e7\u00e3o:<i> 20 de setembro de 2021<\/i><\/p>\t\t\t\t\t\t\t\t<\/div>\n\t\t\t\t<\/div>\n\t\t\t\t\t<\/div>\n\t\t\t\t<\/div>\n\t\t\t\t<\/div>\n\t\t","protected":false},"excerpt":{"rendered":"<p>Quem somos O endere\u00e7o do nosso site \u00e9: https:\/\/morozini.net. A empresa nasceu com a ideia de dar acessibilidade ao mercado digital a pequenos, m\u00e9dios e grandes empreendedores. Com o crescimento di\u00e1rio dos usu\u00e1rios na internet do mundo todo, a tend\u00eancia \u00e9 que o mercado digital cres\u00e7a cada vez mais. Ent\u00e3o porque n\u00e3o dar aquele empurr\u00e3ozinho [&hellip;]<\/p>\n","protected":false},"author":1,"featured_media":0,"parent":0,"menu_order":0,"comment_status":"closed","ping_status":"closed","template":"","meta":{"footnotes":""},"class_list":["post-9398","page","type-page","status-publish","hentry"],"_links":{"self":[{"href":"https:\/\/agencia.morozini.net\/pt_br\/wp-json\/wp\/v2\/pages\/9398","targetHints":{"allow":["GET"]}}],"collection":[{"href":"https:\/\/agencia.morozini.net\/pt_br\/wp-json\/wp\/v2\/pages"}],"about":[{"href":"https:\/\/agencia.morozini.net\/pt_br\/wp-json\/wp\/v2\/types\/page"}],"author":[{"embeddable":true,"href":"https:\/\/agencia.morozini.net\/pt_br\/wp-json\/wp\/v2\/users\/1"}],"replies":[{"embeddable":true,"href":"https:\/\/agencia.morozini.net\/pt_br\/wp-json\/wp\/v2\/comments?post=9398"}],"version-history":[{"count":0,"href":"https:\/\/agencia.morozini.net\/pt_br\/wp-json\/wp\/v2\/pages\/9398\/revisions"}],"wp:attachment":[{"href":"https:\/\/agencia.morozini.net\/pt_br\/wp-json\/wp\/v2\/media?parent=9398"}],"curies":[{"name":"wp","href":"https:\/\/api.w.org\/{rel}","templated":true}]}}